{"id":1078,"date":"2019-08-29T06:32:04","date_gmt":"2019-08-29T06:32:04","guid":{"rendered":"https:\/\/lahendus.net\/?page_id=1078"},"modified":"2022-09-12T11:04:46","modified_gmt":"2022-09-12T08:04:46","slug":"probleemsed-vestlused","status":"publish","type":"page","link":"https:\/\/lahendus.net\/ru\/lahendaja-meelespea\/kirja-kirjutamine\/probleemsed-vestlused\/","title":{"rendered":"Probleemsed vestlused"},"content":{"rendered":"<h2>Kompetentsuse piirid<\/h2>\n<p>Kui kliendi probleemid on ilmselgelt Lahendaja kompetentsist v\u00e4ljas ja Lahendaja ei n\u00e4e ka supervisiooni abiga viisi, kuidas ta v\u00f5iks kliendile kasulik olla, siis k\u00fcsib Lahendaja kliendi ootuste kohta ning soovitab kohti, kuhu edasi p\u00f6\u00f6rduda.<\/p>\n<h2>Vestluse venimine\/kliendi vastupanu<\/h2>\n<p><b>Kui vestluses ilmnevad eri laadi probleemid<\/b> (kui on n\u00e4ha, et klient ei saa abi, kui mure ei muutu v\u00f5i suureneb), on Lahendajal on alati v\u00f5imalus pidada n\u00f5u teiste kaaslahendajatega v\u00f5i superviisoriga. N\u00e4iteks kui Lahendajale tundub, et kirjavahetusest pole kliendile kasu, on m\u00f5eldamatu lihtsalt vastamata j\u00e4tta v\u00f5i ise kliendile kuulutada, et n\u00fc\u00fcd aitab. Oma m\u00f5tteid tasub peegeldada ka kliendile ja arutleda koos ootuste \u00fcle kirjavahetuse osas, kaaludes ka alternatiive sellele. M\u00f5nikord v\u00f5ib olla kasu ka kliendi t\u00e4helepanu juhtimisest koost\u00f6\u00f6 mittesujumisele ja otse k\u00fcsimisest, mis teda takistab kaasa t\u00f6\u00f6tamast.<\/p>\n<p><strong>Kui vestlus kipub &#171;venima&#187;<\/strong> ja hakkab kaotama selget eesm\u00e4rki, on m\u00f5tet teha senikirjutatust vahekokkuv\u00f5te ja t\u00e4psustada abistamistegevuse eesm\u00e4rke &#8212; mida klient ootab, kas klient on mingit kasu saanud jne. Vahekokkuv\u00f5tteid on sobilik teha umbes iga 4-5 kirja tagant. Saad enda jaoks selgemaks, mida olete j\u00f5udnud ja kuhu minekul, ning saab ka klient selgema ettekujutuse.<\/p>\n<h2>V\u00e4\u00e4rtuskonflikt<\/h2>\n<p><b>Kui kliendi v\u00e4\u00e4rtushinnangud v\u00f5i mingid muud asjaolud teevad temaga suhtlemise ebameeldivaks<\/b>, on inimest \u00fclimalt raske kui mitte v\u00f5imatu aidata. Seda tasuks meeles pidada. Teksti puhul on puudu k\u00fcll mitteverbaalne suhtumine, kuid see ei t\u00e4henda, et see ei annaks edasi emotsioone ja suhtumisi. Vastumeelsust varjates j\u00e4\u00e4b Lahendajal andmata kliendile siirus ja soojus, mida viimane v\u00e4\u00e4rib. Ei ole m\u00f5tet alahinnata kliendi v\u00f5imet tajuda ehtsust ja aitamissoovi v\u00f5i selle puudumist.<\/p>\n<p><b>Kui klient on teinud ilmselgelt midagi jaburat v\u00f5i muidu taunitavat<\/b>, k\u00e4sitle eraldi inimest ja tema k\u00e4itumist. \u00c4ra anna kohtuotsust &#171;see oli selline ja selline tegu&#187;, vaid n\u00e4iteks s\u00f5nasta viisakalt: &#171;N\u00e4ib, et see ei tulnud olukorrale kasuks. Mis Sa arvad, mida n\u00fc\u00fcd v\u00f5iks edasi teha?&#187;<\/p>\n<p><b>Kas klient r\u00e4\u00e4gib t\u00f5tt?<\/b> Seda pole Lahendajal v\u00f5imalik kontrollida &#8212; saame t\u00f6\u00f6tada ainult nende andmetega, mis klient meile annab ja vaikimisi on meie suhtumine, et asjad ongi nii nagu need meile esitatakse. Kui on tunne, et klient ei r\u00e4\u00e4gi k\u00f5ige kohta p\u00e4ris t\u00f5tt, v\u00f5ib temalt delikaatselt uurida, et \u00fches kirjas Sa \u00fctlesid seda ja siis j\u00e4lle seda &#8212; et kuidas siis lood tegelikult on? Kui kliendi k\u00e4itumine on nii ebasiiras, et see hakkab temaga tegelemist segama, siis tuleks talle seletada, mis tingimustel Lahendajal on v\u00f5imalik teda aidata. Sealjuures tuleb siiski arvestada, et inimesed r\u00e4\u00e4givad asju oma vaatenurga alt ning ei valeta \u00fcldse pahatahtlikkusest. On juhtumeid, kui inimestel erineb tajumoonutusi ja nad ei erista reaalsust ja enda loodud maailma. Lahendaja asi pole siinkohal hakata detektiivit\u00f6\u00f6d tegema v\u00f5i kliendile nn &#171;t\u00f5tt selgitama&#187;.<\/p>\n<p>Vajaduse ja soovi korral kasuta v\u00f5imalust k\u00e4ia (individuaalses) supervisioonis ning kaalu varianti kirjavahetus kellelegi \u00fcmber suunata (selle kohta saad lugeda l\u00e4hemalt <a href=\"https:\/\/lahendus.net\/lahendaja-meelespea\/lahendajat-puudutav\/14-lahkuva-lahendaja-meelespea\/\">siit<\/a>).<\/p>\n<h2>Kliendi problemaatiline k\u00e4itumine<\/h2>\n<p><b>Kui klient k\u00e4itub Lahendaja suhtes ebameeldivalt<\/b>, siis kirjutab Lahendaja ausalt, ent lugupidavalt sellest, mis tunde kliendi suhtumine temas tekitab ning enda ootustest kliendile koost\u00f6\u00f6suhte poole pealt. Vajadusel tuleb kliendi (ja superviisoriga) aru pidada edasise koost\u00f6\u00f6 v\u00f5imalikkuse suhtes. S\u00f5imamine esmakirja puhul v\u00f5ib olla pisut teise varjundiga &#8212; j\u00e4releproovimine ja usalduse testimine. Vastamata j\u00e4tmine v\u00e4listab selle, et inimene j\u00e4rgmises kirjas v\u00f5ibolla asuks t\u00f5eliste probleemide juurde. Samas ei ole Lahendaja kohustatud olema solgipangeks ning inetu k\u00e4itumisega kliendile v\u00f5iks vastus olla aus, asjalik ja l\u00fchike.<\/p>\n<p><strong>Kui klient k\u00e4itub ahistavalt, \u00e4hvardab<\/strong> v\u00f5i \u00fcletab muul moel tugevalt adekvaatsuse ja viisakuse piire Lahendaja suhtes, tuleb sellest teavitada kliendit\u00f6\u00f6 koordinaatorit ning vajadusel ka politseid (nt juhul, kui klient teeb kirjade teel \u00e4hvardusi v\u00f5i kipub ka teistel platvormidel n\u00f5ustajat ahistama). Selle kohta loe l\u00e4hemalt kriisiplaanist.<\/p>\n<p><strong>Kui klient on seotud esimese astme kuriteoga,<\/strong> on Lahendajal kohustus sellest teavitada politseid. \u00dcldjoontes h\u00f5lmab esimese astme kuriteo m\u00f5iste harilikult ohtu kellegi elule v\u00f5i tervisele ehk v\u00e4givaldseid kuritegusid ja vastavaid \u00e4hvardusi. Ka narkootikumidega kaubitsemine kuulub siia kategooriasse. &#8212; kusjuures klient v\u00f5ib olla nii teo toimepanija, kannataja kui ka pealtn\u00e4gija (viimase puhul \u00fcldiselt Lahendaja ise politseisse p\u00f6\u00f6rduma ei pea).<\/p>\n<h2>Kliendip\u00f5hine l\u00e4bip\u00f5lemine<\/h2>\n<p><span style=\"font-weight: 400;\">M\u00f5ni keerukas juhtum v\u00f5ib olla eriti ressurssin\u00f5udev ja Lahendaja jaoks v\u00e4sitav.<br \/>\n<\/span><\/p>\n<p><span style=\"font-weight: 400;\">\u00a0<\/span><\/p>\n<p><span style=\"font-weight: 400;\">\u00a0<\/span><\/p>\n<p><span style=\"font-weight: 400;\">\u00a0<\/span><\/p>\n<p><span style=\"font-weight: 400;\">\u00a0<\/span><\/p>\n<p><span style=\"font-weight: 400;\">\u00a0<\/span><\/p>\n","protected":false},"excerpt":{"rendered":"<p>Kompetentsuse piirid Kui kliendi probleemid on ilmselgelt Lahendaja kompetentsist v\u00e4ljas ja Lahendaja ei n\u00e4e ka supervisiooni abiga viisi, kuidas ta v\u00f5iks kliendile kasulik olla, siis k\u00fcsib Lahendaja kliendi ootuste kohta ning soovitab kohti, kuhu edasi p\u00f6\u00f6rduda. Vestluse venimine\/kliendi vastupanu Kui vestluses ilmnevad eri laadi probleemid (kui on n\u00e4ha, et klient ei saa abi, kui mure&#8230;<\/p>\n<div class=\" [&hellip;]\"><a href=\"https:\/\/lahendus.net\/ru\/lahendaja-meelespea\/kirja-kirjutamine\/probleemsed-vestlused\/\">\u0427\u0438\u0442\u0430\u0442\u044c \u0434\u0430\u043b\u0435\u0435<\/a><\/div>\n","protected":false},"author":24,"featured_media":0,"parent":1219,"menu_order":5,"comment_status":"closed","ping_status":"closed","template":"","meta":{"_acf_changed":false,"footnotes":""},"class_list":["post-1078","page","type-page","status-publish","hentry"],"acf":[],"_links":{"self":[{"href":"https:\/\/lahendus.net\/ru\/wp-json\/wp\/v2\/pages\/1078","targetHints":{"allow":["GET"]}}],"collection":[{"href":"https:\/\/lahendus.net\/ru\/wp-json\/wp\/v2\/pages"}],"about":[{"href":"https:\/\/lahendus.net\/ru\/wp-json\/wp\/v2\/types\/page"}],"author":[{"embeddable":true,"href":"https:\/\/lahendus.net\/ru\/wp-json\/wp\/v2\/users\/24"}],"replies":[{"embeddable":true,"href":"https:\/\/lahendus.net\/ru\/wp-json\/wp\/v2\/comments?post=1078"}],"version-history":[{"count":3,"href":"https:\/\/lahendus.net\/ru\/wp-json\/wp\/v2\/pages\/1078\/revisions"}],"predecessor-version":[{"id":1385,"href":"https:\/\/lahendus.net\/ru\/wp-json\/wp\/v2\/pages\/1078\/revisions\/1385"}],"up":[{"embeddable":true,"href":"https:\/\/lahendus.net\/ru\/wp-json\/wp\/v2\/pages\/1219"}],"wp:attachment":[{"href":"https:\/\/lahendus.net\/ru\/wp-json\/wp\/v2\/media?parent=1078"}],"curies":[{"name":"wp","href":"https:\/\/api.w.org\/{rel}","templated":true}]}}