{"id":1063,"date":"2019-08-29T06:22:07","date_gmt":"2019-08-29T06:22:07","guid":{"rendered":"https:\/\/lahendus.net\/?page_id=1063"},"modified":"2026-03-12T13:03:48","modified_gmt":"2026-03-12T11:03:48","slug":"lahendus-net-infokanalid","status":"publish","type":"page","link":"https:\/\/lahendus.net\/ru\/lahendaja-meelespea\/lahendus-net-uldinfo\/lahendus-net-infokanalid\/","title":{"rendered":"Lahendus.net infokanalid"},"content":{"rendered":"<div class=\"wpb-content-wrapper\"><p>[vc_row][vc_column][vc_column_text css=&#187;&#187;]<strong>Sisemised infokanalid<\/strong><br \/>\nLahendus.netil on hetkel kolm meililisti.<\/p>\n<p>\u00dcldises meililistis (lahendused@lahendus.net) on koos nii aktiivsed liikmed kui ka kunagised lahendajad.<br \/>\nLahendajate meililist (lahendajad@lahendus.net) on m\u00f5eldud lahendajatele, kes hetkel aktiivselt Lahendus.netis n\u00f5ustamisega tegelevad.<br \/>\nMentorite meililist (mentorid@lahendus.net) on m\u00f5eldud praegustele mentoritele.<br \/>\nListidesse saavad kirjutada k\u00f5ik listi liikmed ning saadetud kirjad j\u00f5uavad ilma modereerimiseta k\u00f5ikide listi liikmeteni. Listide kaudu edastatakse kogu oluline info, mis lahendajate, mentorite ja MT\u00dc liikmeteni j\u00f5udma peab.<\/p>\n<p>Listi saab kirjutada ka n\u00f5u saamiseks v\u00f5i mure jagamiseks. N\u00e4iteks kui soovid enda klienti suunata edasi konkreetsema spetsialisti poole, on listi liikmetel tihti anda soovitusi, kuhu p\u00f6\u00f6rduda.<\/p>\n<p><strong>V\u00e4lised infokanalid<\/strong><br \/>\nKoduleht. Koduleht on meie peamine v\u00e4line infokanal.<\/p>\n<p>Lisaks enda murega lahendaja poole p\u00f6\u00f6rdumisele on v\u00f5imalik meie poole p\u00f6\u00f6rduda erinevate organisatsiooni puudutavate v\u00f5i \u00fcldisemate k\u00fcsimuste ja ettepanekutega, kirjutades meili info@lahendus.net v\u00f5i kirjutada \u00fcksk\u00f5ik millisele juhatuse liikmele (juhatuse liikmete meilid on kodulehel avalikult \u00fcleval).<\/p>\n<p>Lahendus.neti sotsiaalmeedia: Facebook ja Instagram. Sotsiaalmeedia roll on hoida meie tegemistega kursis neid inimesi, kes pole Lahendus.net liikmed ega (ilmtingimata) meie kliendid, kuid kes meie tegevusest muul moel kasu v\u00f5iksid saada. Meie sotsiaalmeedias ilmub jooksvalt j\u00e4rgmist infot:<br \/>\nInfo \u00fcrituste kohta: nii sise\u00fcrituste (nt uute lahendajate vastuv\u00f5tmine) kui avalikkusele suunatud \u00fcrituste kohta juhul, kui MT\u00dc-l on ressursse nende korraldamiseks<br \/>\nJagame kasulikku materjali ka teistelt vaimse tervise teemadega tegelevatelt organisatsioonidelt<br \/>\nJagame ps\u00fchhoharivat materjali ja infot erinevate eneseabi meetodite kohta[\/vc_column_text][\/vc_column][\/vc_row]<\/p>\n<\/div>","protected":false},"excerpt":{"rendered":"<p>[vc_row][vc_column][vc_column_text css=&#187;&#187;]Sisemised infokanalid Lahendus.netil on hetkel kolm meililisti. \u00dcldises meililistis (lahendused@lahendus.net) on koos nii aktiivsed liikmed kui ka kunagised lahendajad. Lahendajate meililist (lahendajad@lahendus.net) on m\u00f5eldud lahendajatele, kes hetkel aktiivselt Lahendus.netis n\u00f5ustamisega tegelevad. Mentorite meililist (mentorid@lahendus.net) on m\u00f5eldud praegustele mentoritele. Listidesse saavad kirjutada k\u00f5ik listi liikmed ning saadetud kirjad j\u00f5uavad ilma modereerimiseta k\u00f5ikide listi liikmeteni. Listide&#8230;<\/p>\n<div class=\" [&hellip;]\"><a href=\"https:\/\/lahendus.net\/ru\/lahendaja-meelespea\/lahendus-net-uldinfo\/lahendus-net-infokanalid\/\">\u0427\u0438\u0442\u0430\u0442\u044c \u0434\u0430\u043b\u0435\u0435<\/a><\/div>\n","protected":false},"author":24,"featured_media":0,"parent":1214,"menu_order":0,"comment_status":"closed","ping_status":"closed","template":"","meta":{"_acf_changed":false,"footnotes":""},"class_list":["post-1063","page","type-page","status-publish","hentry"],"acf":[],"_links":{"self":[{"href":"https:\/\/lahendus.net\/ru\/wp-json\/wp\/v2\/pages\/1063","targetHints":{"allow":["GET"]}}],"collection":[{"href":"https:\/\/lahendus.net\/ru\/wp-json\/wp\/v2\/pages"}],"about":[{"href":"https:\/\/lahendus.net\/ru\/wp-json\/wp\/v2\/types\/page"}],"author":[{"embeddable":true,"href":"https:\/\/lahendus.net\/ru\/wp-json\/wp\/v2\/users\/24"}],"replies":[{"embeddable":true,"href":"https:\/\/lahendus.net\/ru\/wp-json\/wp\/v2\/comments?post=1063"}],"version-history":[{"count":9,"href":"https:\/\/lahendus.net\/ru\/wp-json\/wp\/v2\/pages\/1063\/revisions"}],"predecessor-version":[{"id":2718,"href":"https:\/\/lahendus.net\/ru\/wp-json\/wp\/v2\/pages\/1063\/revisions\/2718"}],"up":[{"embeddable":true,"href":"https:\/\/lahendus.net\/ru\/wp-json\/wp\/v2\/pages\/1214"}],"wp:attachment":[{"href":"https:\/\/lahendus.net\/ru\/wp-json\/wp\/v2\/media?parent=1063"}],"curies":[{"name":"wp","href":"https:\/\/api.w.org\/{rel}","templated":true}]}}