{"id":1045,"date":"2019-08-29T06:11:36","date_gmt":"2019-08-29T06:11:36","guid":{"rendered":"https:\/\/lahendus.net\/?page_id=1045"},"modified":"2023-08-27T18:11:42","modified_gmt":"2023-08-27T15:11:42","slug":"seksuaalvagivalla-ohvrite-abistamine","status":"publish","type":"page","link":"https:\/\/lahendus.net\/ru\/lahendaja-meelespea\/erinevad-abidokumendid\/seksuaalvagivalla-ohvrite-abistamine\/","title":{"rendered":"Seksuaalv\u00e4givalla ohvrite abistamine"},"content":{"rendered":"<p><span style=\"font-weight: 400;\">Koostajad: Annika Tamme, Anna Helena Ursula Allvee<\/span><\/p>\n<p><b>Mis on seksuaalv\u00e4givald?<\/b><\/p>\n<p><span style=\"font-weight: 400;\">Seksuaalv\u00e4givald on WHOs defineeritud kui igasugune seksuaalvahekord v\u00f5i seksuaalvahekorda astumise katse, soovimatu seksuaalse alatooniga m\u00e4rkus v\u00f5i l\u00e4henemiskatse ning muul moel sunni abil isiku seksuaalsuse vastu toime pandud tegu. Nii on seksuaalv\u00e4givald v\u00e4gistamine, selle katse aga ka n\u00e4iteks soovimatu suguelundite puudutamine teise inimese poolt.\u00a0<\/span><\/p>\n<p><span style=\"font-weight: 400;\">Seksuaalv\u00e4givalla \u00fcks vorme on ka ahistamine, mis on mis tahes soovimatu s\u00f5naline, mittes\u00f5naline v\u00f5i f\u00fc\u00fcsilise seksuaalse iseloomuga k\u00e4itumine, mille eesm\u00e4rk on inimese v\u00e4\u00e4rikuse alandamine luues h\u00e4iriva, pingelise, \u00e4hvardava, alandava, solvava v\u00f5i vaenuliku keskkonna.\u00a0\u00a0<\/span><\/p>\n<p><b>Mida peaks teadma seksuaalv\u00e4givallast?<\/b><\/p>\n<p><span style=\"font-weight: 400;\">Seksuaalv\u00e4givalda v\u00f5ivad kogeda m\u00f5lemad sugupooled, \u00fcksk\u00f5ik millises vanusr\u00fchmas (alates lastest kuni vanuriteni). Seksuaalv\u00e4givalla toimepanija v\u00f5ib olla nii tuttav (pereliige, kolleeg, s\u00f5ber) aga ka t\u00e4iesti v\u00f5\u00f5ras inimene. Oluline on teada, et seksuaalv\u00e4givalda v\u00f5ib esineda ka paarisuhetes nagu abielu, kooselu, k\u00e4imine.\u00a0<\/span><\/p>\n<p><b>Seksuaalv\u00e4givalla eest vastutab ALATI selle toimepanija.<\/b><span style=\"font-weight: 400;\">\u00a0<\/span><\/p>\n<p><span style=\"font-weight: 400;\">Seksuaalv\u00e4givald ei s\u00f5ltu riietusest (\u00fchtmoodi v\u00f5ivad seksuaalv\u00e4givalla ohvriks sattuda nii v\u00e4ljakutsuvalt riietatud inimesed kui ka n\u00f6 \u201challid hiirekesed\u201d). Seksuaalv\u00e4givalla puhul ei ajenda toimepanijat mitte seksuaalne iha vaid pigem v\u00f5im ja alistamissoov.\u00a0<\/span><\/p>\n<p><span style=\"font-weight: 400;\">Inimene v\u00f5ib v\u00e4gistamise (v\u00f5i selle katse) j\u00e4rgselt tunda erinevaid traumaj\u00e4rgseid reaktsioone, sealhulgas v\u00f5ivad kannatanut vallata sellised tunded nagu: h\u00e4bi, hirm, s\u00fc\u00fctunne, abitus. Vahetult peale v\u00e4gistamist (v\u00f5i selle katset) on normaalne tunda ka n\u00e4iteks unisust. Hilisemalt on tavap\u00e4rased uneh\u00e4ired, iiveldus ja m\u00e4lupildid kogetust. Tihtipeale inimene ei m\u00e4leta t\u00e4pselt v\u00f5i \u00fcldse mitte, mis temaga toimus, see on normaalne inimese enesekaitsemehhanism. Teadlikkus n\u00e4iteks lapsep\u00f5lves kogetud seksuaalv\u00e4givallast v\u00f5ib tulla mitmete aastate p\u00e4rast. Traumaatilisele s\u00fcndmusele on nii reageerida normaalne. Kliendis ei tohiks tekitada tunnet nagu ta peaks kindlal viisil ennast tundma &#8212; iga inimene reageerib erinevalt.<\/span><\/p>\n<p><b>M\u00fc\u00fcdid<\/b><\/p>\n<p><i><span style=\"font-weight: 400;\">\u201cSeksuaalv\u00e4givalda kogevad v\u00e4hesed\u201d<\/span><\/i><\/p>\n<p><span style=\"font-weight: 400;\">Tegelikkuses iga viies naine on kogenud seksuaalv\u00e4givalda.<\/span><\/p>\n<p><i><span style=\"font-weight: 400;\">\u201cSeksuaalv\u00e4givalla ohvrite ja toimepanijate hulgalt on v\u00f5rdselt nii naisi kui ka mehi.\u201d<\/span><\/i><\/p>\n<p><span style=\"font-weight: 400;\">Tegelikkuses v\u00f5ivad m\u00f5lemad sugupooled olla seksuaalv\u00e4givalla ohvrid, kuid mehed kogevad seda oluliselt v\u00e4hem kui naised.\u00a0<\/span><\/p>\n<p><i><span style=\"font-weight: 400;\">\u201cSeksuaalv\u00e4givalla toimepanijaks on enamasti ohvrile v\u00f5\u00f5ras inimene.\u201d<\/span><\/i><\/p>\n<p><span style=\"font-weight: 400;\">Tegelikkuses on k\u00f5ige sagedamaks seksuaalv\u00e4givalla toimepanijaks tuttav inimene, tihtipeale praegune v\u00f5i endine partner.<\/span><\/p>\n<p><i><span style=\"font-weight: 400;\">\u201cSeksuaalv\u00e4givalla kohta esineb tihti valekaebusi.\u201d<\/span><\/i><\/p>\n<p><span style=\"font-weight: 400;\">Tegelikkuses ei esine seksuaalv\u00e4givalla kohta rohkem valekaebusi, kui teiste kuriteoliikide kohta.<\/span><\/p>\n<p><i><span style=\"font-weight: 400;\">&#171;Kui inimene sai orgasmi, siis t\u00e4hendab, et ta nautis toimunut&#187;\/&#187;Kui inimene on f\u00fc\u00fcsiliselt erutunud (erekteerunud peenis\/lubrikeerunud vagiina) t\u00e4hendab see n\u00f5usolekut&#187; <\/span><\/i><span style=\"font-weight: 400;\"><br \/>\n<\/span><span style=\"font-weight: 400;\">Keha v\u00f5ib reageerida seksuaalsete situatsioonidele ka ilma naudinguta, mis v\u00f5ib viia suure h\u00e4bi ning s\u00fc\u00fctundeni. Samuti v\u00f5ib inimene lihtsalt tarduda ning olla v\u00f5imetu \u00fctlema &#171;ei&#187; v\u00f5i vastu hakkama. \u00dchest ja \u00f5iget reaktsiooni sellisel hetkel ei eksisteeri.<\/span><\/p>\n<p><b>Kuidas aidata seksuaalv\u00e4givalla all kannatanud inimest?<\/b><\/p>\n<p><b>WHO kohaselt ei k\u00fcsi enamus ohvrid abi, kuna neil on hirm olla h\u00e4bistatud, s\u00fc\u00fcdistatud, et neid ei usuta ja puudulik tugiv\u00f5rgustik.<\/b><\/p>\n<p><span style=\"font-weight: 400;\">Kui klient p\u00f6\u00f6rdub su poole murega, et teda on v\u00e4gistatud v\u00f5i ta kahtlustab, et teda on v\u00e4gistatud, siis suuna teda otsima abi selleks etten\u00e4htud kriisiabikeskustesse ja eelk\u00f5ige p\u00f6\u00f6rduma politseisse.\u00a0<\/span><\/p>\n<p><span style=\"font-weight: 400;\">Oluline on anda sellejuures kliendile m\u00e4rku, et \u00fcksk\u00f5ik, mida ta tunneb ja mis tundeid ta v\u00e4ljendab &#8212; on need loomulik reaktsioon sellele, mis temaga on juhtunud. Kliendile on oluline anda teadmine, et\u00a0<\/span><\/p>\n<p><span style=\"font-weight: 400;\">1) lahendaja usub tema muret ja v\u00f5tab seda t\u00f5siselt,\u00a0<\/span><\/p>\n<p><span style=\"font-weight: 400;\">2) <\/span><b>klient ei ole juhtunus s\u00fc\u00fcdi,<\/b><span style=\"font-weight: 400;\">\u00a0<\/span><\/p>\n<p><span style=\"font-weight: 400;\">3) klient on tubli, et ta oma murega kuhugi p\u00f6\u00f6rdub ja et abi on v\u00f5imalik,\u00a0<\/span><\/p>\n<p><span style=\"font-weight: 400;\">4) lahendaja kuulab teda ja aitab tal leida abiv\u00f5imalusi,\u00a0<\/span><\/p>\n<p><span style=\"font-weight: 400;\">5) klient ise teab ja otsustab, mida ta vajab (n\u00e4iteks kas ta p\u00f6\u00f6rdub tervishoiut\u00f6\u00f6taja poole v\u00f5i politseisse, sest lahendaja saab anda ainult info).<\/span><\/p>\n<p><span style=\"font-weight: 400;\">Lahendaja saab aidata ohvril:<\/span><\/p>\n<ol>\n<li style=\"font-weight: 400;\"><span style=\"font-weight: 400;\">\u00fcles leida oma tugevused ning paranemist soodustavad toimetuleku mehhanismid ja toetada nende kasutamist;\u00a0<\/span><\/li>\n<li style=\"font-weight: 400;\"><span style=\"font-weight: 400;\">korrigeerida v\u00e4\u00e4rarusaamu;<\/span><\/li>\n<li style=\"font-weight: 400;\"><span style=\"font-weight: 400;\">kliendi m\u00f5juv\u00f5imu olulisuse r\u00f5hutamine (kuna tihti kaob kontrollitunne), samas tuleb meeles pidada et klient ei pruugi akuutses kriisis olla koheselt v\u00f5imeline selgelt m\u00f5tlema ja otsuseid langetama;\u00a0<\/span><\/li>\n<li style=\"font-weight: 400;\"><span style=\"font-weight: 400;\">kontrollitunde taastamine (ohver on ise oma taastumise eest vastutav ja otsustav, Lahendaja saab omalt poolt kontrollitunde taastamiseks valideerida ning stabiliseerida);<\/span><\/li>\n<li style=\"font-weight: 400;\"><span style=\"font-weight: 400;\">v\u00f5\u00f5randumistunde v\u00e4hendamine (sh oluliste suhete kindlustamine ning uute suhete loomise soodustamine);<\/span><\/li>\n<li style=\"font-weight: 400;\"><span style=\"font-weight: 400;\">normaliseerida reaktsioone ja selgitada traumat vallandavaid tegureid.<\/span><\/li>\n<\/ol>\n<p><span style=\"font-weight: 400;\">Selleks, et mitte klienti taasohvristada ei ole kohased \u201cMIKS?\u201d k\u00fcsimused, sellised k\u00fcsimused v\u00f5ivad suurendada ohvri s\u00fc\u00fctunnet.\u00a0<\/span><\/p>\n<p><span style=\"font-weight: 400;\">Uuri kliendilt, kas tal on kedagi turvalist inimest, kellele oma murest r\u00e4\u00e4kida ning, kes saaks teda tema igap\u00e4evastes toimetustes vajadusel aidata? Traumakogemuse j\u00e4rgselt v\u00f5ib olla keeruline kliendil teha oma tavap\u00e4raseid tegemisi, kuid igap\u00e4evar\u00fctmi alalhoidmine on oluline turvatunde taastamiseks. Oluline on piisav toit ja magamine, head teeb liikumine.\u00a0<\/span><\/p>\n<p><span style=\"font-weight: 400;\">Seksuaalv\u00e4givalla all kannatanu V\u00d5IB tunda h\u00e4bi, lootusetust, hirmu, s\u00fc\u00fcd, viha ebaturvalisust, oluline on anda kliendile m\u00e4rku, et sa oled talle toeks ning usud ta muret! Oluline on samas aga ka m\u00f5ista, et k\u00f5igil ei pruugi olla kohe toimunule emotsionaalne reaktsioon (olukorrast v\u00f5idakse dissotsieeruda), sellises olukorras ei tohiks kliendis tekitada tunnet nagu ta peaks kindlal viisil ennast tundma &#8212; iga inimene reageerib erinevalt, tuleb soosida edasise abi otsimist!<\/span><\/p>\n<p><b>Kuhu klienti suunata?<\/b><\/p>\n<p><b>Kui tegu on l\u00e4hisuhte v\u00e4givallaga on alati k\u00f5ige olulisem tagada k\u00f5igepealt inimese turvalisus (kas tal on turvaline koht kuhu minna, keegi, kes saaks teda saata jne), kuna abi otsimine v\u00f5ib esile tuua tugeva v\u00e4givaldse reaktsiooni partneris. Sellistes olukordades tasub Lahendajal klient suunata n\u00e4iteks varjupaiga poole ning \u00fcritada mitte l\u00e4bi m\u00f5tlemata reageerimist soosida.<\/b><\/p>\n<p><span style=\"font-weight: 400;\">Edasiselt on oluline klient suunata politseisse <\/span><span style=\"font-weight: 400;\">(seksuaalkuriteost TULEB teatada politseile, kui on tegemist esimese astme kuriteoga &#8212; ohvriks alla 18 aastane isik (v\u00f5ib teatada kohaliku omavalitsuse \u00fcksusele v\u00f5i Lasteabi telefonile), rohkem kui \u00fcks toimepanija, kui kannatanu on viidud enesetapukatseni).\u00a0<\/span><\/p>\n<p><span style=\"font-weight: 400;\">\u00d6\u00f6p\u00e4ev l\u00e4bi on avatud:<\/span><\/p>\n<ol>\n<li style=\"font-weight: 400;\"><span style=\"font-weight: 400;\">Kriisiabikeskused (SAK) haiglate juures: L\u00e4\u00e4ne-Tallina Keskhaigla, Tartu \u00dclikooli Kliinikum, P\u00e4rnu Haigla, Ida-Viru Keskhaigla.<\/span><\/li>\n<li style=\"font-weight: 400;\"><span style=\"font-weight: 400;\">Tugitelefon 1492, varjupaigad \u00fcle Eesti <\/span><a href=\"http:\/\/www.naistekeskus.ee\/?page_id=23\"><span style=\"font-weight: 400;\">www.naistekeskus.ee\/?page_id=23<\/span><\/a><\/li>\n<li style=\"font-weight: 400;\"><span style=\"font-weight: 400;\">Lasteabi telefon 116111, <\/span><a href=\"http:\/\/www.lasteabi.ee\"><span style=\"font-weight: 400;\">www.lasteabi.ee<\/span><\/a><\/li>\n<li style=\"font-weight: 400;\"><span style=\"font-weight: 400;\">Politsei 112<\/span><\/li>\n<li style=\"font-weight: 400;\"><span style=\"font-weight: 400;\">Infot ja abi abi otsimisel pakub ka <\/span><a href=\"http:\/\/www.palunabi.ee\"><span style=\"font-weight: 400;\">www.palunabi.ee<\/span><\/a><\/li>\n<\/ol>\n<p><b>Millal saab veel koguda t\u00f5endusmaterjali?<\/b><\/p>\n<p><b>Enne t\u00f5endusmaterjalide kogumist ei tohiks klient s\u00fc\u00fca, juua ega du\u0161i all k\u00e4ia, et v\u00e4ltida t\u00f5endite kaotsiminekut. Samuti tasub v\u00e4ltida riiete vahetamist ja f\u00fc\u00fcsilist kontakti.\u00a0<\/b><\/p>\n<p><span style=\"font-weight: 400;\">Ejakulatsiooniga vaginaalse seksuaalakti puhul on v\u00f5imalik tupest t\u00f5endusmaterjali koguda maksimaaltselt kuni 7 \u00f6\u00f6p\u00e4eva (Eesti seksuaaltervise Liidu andmetel s\u00e4ilivad kohtumeditsiinilised t\u00f5endid kuni 5 \u00f6\u00f6p\u00e4eva aga kehalisi vigastusi v\u00f5ib olla v\u00f5imalik fikseerida ka pikema aja jooksul).<\/span><\/p>\n<p><span style=\"font-weight: 400;\">Ejakulatsiooniga anaalse seksuaalkontakti puhul on v\u00f5imalik anaalkanalist\/rektumist leida t\u00f5endmaterjali 24h jooksul, harva ka kuni 3 \u00f6\u00f6p\u00e4eva jooksul.\u00a0<\/span><\/p>\n<p><span style=\"font-weight: 400;\">T\u00f5endmaterjali peeniselt on v\u00f5imalik koguda 3 \u00f6\u00f6p\u00e4eva jooksul.<\/span><\/p>\n<p><span style=\"font-weight: 400;\">Ejakulatsiooniga oraalse seksuaalkontakti puhul on t\u00f5endmaterjali kogumine v\u00f5imalik 48h jooksul.\u00a0<\/span><\/p>\n<p><span style=\"font-weight: 400;\">Nahalt kogutakse materjali DNA isoleerimiseks 48h jooksul.<\/span><\/p>\n","protected":false},"excerpt":{"rendered":"<p>Koostajad: Annika Tamme, Anna Helena Ursula Allvee Mis on seksuaalv\u00e4givald? Seksuaalv\u00e4givald on WHOs defineeritud kui igasugune seksuaalvahekord v\u00f5i seksuaalvahekorda astumise katse, soovimatu seksuaalse alatooniga m\u00e4rkus v\u00f5i l\u00e4henemiskatse ning muul moel sunni abil isiku seksuaalsuse vastu toime pandud tegu. Nii on seksuaalv\u00e4givald v\u00e4gistamine, selle katse aga ka n\u00e4iteks soovimatu suguelundite puudutamine teise inimese poolt.\u00a0 Seksuaalv\u00e4givalla \u00fcks&#8230;<\/p>\n<div class=\" [&hellip;]\"><a href=\"https:\/\/lahendus.net\/ru\/lahendaja-meelespea\/erinevad-abidokumendid\/seksuaalvagivalla-ohvrite-abistamine\/\">\u0427\u0438\u0442\u0430\u0442\u044c \u0434\u0430\u043b\u0435\u0435<\/a><\/div>\n","protected":false},"author":24,"featured_media":0,"parent":1217,"menu_order":0,"comment_status":"closed","ping_status":"closed","template":"","meta":{"_acf_changed":false,"footnotes":""},"class_list":["post-1045","page","type-page","status-publish","hentry"],"acf":[],"_links":{"self":[{"href":"https:\/\/lahendus.net\/ru\/wp-json\/wp\/v2\/pages\/1045","targetHints":{"allow":["GET"]}}],"collection":[{"href":"https:\/\/lahendus.net\/ru\/wp-json\/wp\/v2\/pages"}],"about":[{"href":"https:\/\/lahendus.net\/ru\/wp-json\/wp\/v2\/types\/page"}],"author":[{"embeddable":true,"href":"https:\/\/lahendus.net\/ru\/wp-json\/wp\/v2\/users\/24"}],"replies":[{"embeddable":true,"href":"https:\/\/lahendus.net\/ru\/wp-json\/wp\/v2\/comments?post=1045"}],"version-history":[{"count":3,"href":"https:\/\/lahendus.net\/ru\/wp-json\/wp\/v2\/pages\/1045\/revisions"}],"predecessor-version":[{"id":2222,"href":"https:\/\/lahendus.net\/ru\/wp-json\/wp\/v2\/pages\/1045\/revisions\/2222"}],"up":[{"embeddable":true,"href":"https:\/\/lahendus.net\/ru\/wp-json\/wp\/v2\/pages\/1217"}],"wp:attachment":[{"href":"https:\/\/lahendus.net\/ru\/wp-json\/wp\/v2\/media?parent=1045"}],"curies":[{"name":"wp","href":"https:\/\/api.w.org\/{rel}","templated":true}]}}