{"id":1042,"date":"2019-08-29T06:07:33","date_gmt":"2019-08-29T06:07:33","guid":{"rendered":"https:\/\/lahendus.net\/?page_id=1042"},"modified":"2024-02-07T13:22:09","modified_gmt":"2024-02-07T11:22:09","slug":"lahendaja-roll","status":"publish","type":"page","link":"https:\/\/lahendus.net\/ru\/lahendaja-meelespea\/lahendajat-puudutav\/lahendaja-roll\/","title":{"rendered":"Lahendaja roll, \u00f5piv\u00e4ljundid ja piirid"},"content":{"rendered":"<p><span style=\"font-weight: 400;\">Lahendaja roll on pakkuda kliendile n\u00f5ustamisteenust, mis vastab kliendi vajadustele ja on koosk\u00f5las Lahendaja v\u00f5imete ja oskustega. N\u00f5ustamisteenus v\u00f5ib t\u00e4hendada siinkohal nii pikemaajalist kirjavahetust, mille k\u00e4igus n\u00e4iteks anal\u00fc\u00fcsitakse l\u00e4hemalt kliendi probleeme ja \u00f5petatakse talle toimetulekuoskusi, kui ka l\u00fchemat t\u00fc\u00fcpi suhtlust vastuseks m\u00f5nele konkreetsele k\u00fcsimusele.<\/span><\/p>\n<h2><b>Lahendaja \u00f5piv\u00e4ljundid<\/b><\/h2>\n<p>Juhendamistegevuste eesm\u00e4rgiks on arendada lahendajas j\u00e4rgnevaid p\u00e4devusi. Nende p\u00e4devuste saavutamist hinnatakse ka lahendaja iseseisvumisel.<\/p>\n<p><b>Juhtumi ja enda tegevuse m\u00f5testamine:<\/b><\/p>\n<ul>\n<li aria-level=\"1\">Lahendaja loob kirjavahetuse algusest peale usaldusliku n\u00f5ustamissuhte, mis h\u00f5lmab endas kliendi m\u00f5ttemaailma, t\u00e4henduste ja perspektiivi m\u00f5istmist, turvalise ja empaatilise \u00f5hkkonna loomist ning stabiilse suhte mudeldamist.<\/li>\n<li aria-level=\"1\">Lahendaja kontseptualiseerib juhtumit jooksvalt kirjavahetuse jooksul l\u00e4htuvalt m\u00f5nest n\u00f5ustamise kontseptualiseeringu mudelist (vt meelespea)<\/li>\n<li aria-level=\"1\">L\u00e4htuvalt kontseptualiseeringust seab kirjavahetusele eesm\u00e4rgid ja piiritleb oma rolli lahendajana l\u00e4htuvalt oma v\u00f5imalustest ja kliendi vajadustest<\/li>\n<li aria-level=\"1\">P\u00f6\u00f6rab t\u00e4helepanu kliendi ootustele (otsestele kui kaudsetele) ja adresseerib neid kirjavahetuses<\/li>\n<li aria-level=\"1\">Toob v\u00e4lja ja suunab klienti rakendama oma ressursse<\/li>\n<li aria-level=\"1\">Lahendaja anal\u00fc\u00fcsib enda tegevust ja t\u00e4iendab ennast vajalikes valdkondades<\/li>\n<li aria-level=\"1\">Tunneb edasisuunamisv\u00f5imalusi; teab, millal tuleks klient edasi suunata ja seda ka kliendi huve ja valmisolekut silmas pidades teeb<\/li>\n<\/ul>\n<p><b>Kirjutamine:<\/b><\/p>\n<ul>\n<li aria-level=\"1\">Hoiab kirjas struktuuri &#8212; liigendab teksti teemadest l\u00e4htuvalt, sobiv algus ja l\u00f5pp, kirja pikkus on ammendav ja vastab kliendi vajadustele\/v\u00f5imekusele<\/li>\n<li aria-level=\"1\">K\u00fcsib eesm\u00e4rgip\u00e4raseid ja \u00fchem\u00f5tteliselt m\u00f5istetavaid k\u00fcsimusi<\/li>\n<li aria-level=\"1\">Kohandab kirjastiili vastavalt kliendi omap\u00e4radele (vanus, vaimne v\u00f5imekus jne), j\u00e4lgib lahenduse meelespeas toodud stiilin\u00f5udeid<\/li>\n<li aria-level=\"1\">V\u00e4ljendab kirja teel siirana m\u00f5juvat toetust (ei kasuta stamplauseid, puuduvad suhtlust\u00f5kked)<\/li>\n<li aria-level=\"1\">Kasutab ps\u00fchhoharimist asjakohastes kohtades ja kliendile arusaadaval viisil, sh tutvustab ka n\u00f5ustamisprotsessi<\/li>\n<li aria-level=\"1\">Valdab ja kasutab n\u00f5ustamise baastehnikaid (valideerimine, peegeldamine, normaliseerimine jne &#8212; vt meelespea)<\/li>\n<\/ul>\n<p><b>N\u00f5uetest kinnipidamine:<\/b><\/p>\n<ul>\n<li aria-level=\"1\">Peab kinni kirjadele vastamise t\u00e4htaegadest (mentori ja juhatuse hinnata)<\/li>\n<li aria-level=\"1\">Osaleb regulaarselt grupisupervisioonides (juhatuse hinnata)<\/li>\n<li aria-level=\"1\">Peab kinni konfidentsiaalsuse, eetikakoodeksi ja meelespea n\u00f5uetest<\/li>\n<\/ul>\n<p><b>Enesehoid:<\/b><\/p>\n<ul>\n<li aria-level=\"1\">Tunneb enda piire lahendajana, suudab neid vajadusel kehtestada<\/li>\n<li aria-level=\"1\">Hoolitseb enda heaolu eest, teab, millal on vaja abi-tuge k\u00fcsida ja vajadusel ka aktiivselt otsib seda<\/li>\n<\/ul>\n<h2>Lahendaja piirid<\/h2>\n<ul>\n<li><span style=\"font-weight: 400;\">Lahendaja ei diagnoosi ega ravi vaimsed h\u00e4ireid.<\/span><\/li>\n<li><span style=\"font-weight: 400;\">Lahendaja ei tee kirja teel teraapiat.<\/span><\/li>\n<li><span style=\"font-weight: 400;\">Lahendaja ei kasuta kindlat k\u00f5neviisi: &#171;sul on depressioon&#187;.<br \/>\n<\/span><\/li>\n<li><span style=\"font-weight: 400;\">Lahendaja ei ole kliendi kirjas\u00f5ber.<\/span><\/li>\n<li><span style=\"font-weight: 400;\">Lahendaja ei v\u00e4lju oma p\u00e4devuse ja v\u00f5imete piiridest. Enda p\u00e4devusest ja v\u00f5imalustest v\u00e4ljaspool olevate juhtumitega pikaajaline tegelemine v\u00f5ib olla lahendajale kurnav ja demotiveeriv ning viia l\u00e4bip\u00f5lemiseni. Lisaks ei ole see eetiline ega vastutustundlik kliendi suhtes, kellel v\u00f5ivad tekkida valeootused abisaamise osas Lahendajalt ning kes v\u00f5ib saada ebat\u00e4ielikku abi.<\/span><\/li>\n<li><span style=\"font-weight: 400;\">Lahendaja ei kohtu klientidega v\u00e4ljaspool Lahenduse keskkonda.<\/span><\/li>\n<\/ul>\n<p>&nbsp;<\/p>\n<p><strong>Kui juhatusel on alust arvata, et Lahendaja ei pea kinni konfidentsiaalsuse, eetikakoodeksi v\u00f5i meelespea n\u00f5utest v\u00f5i kahjustab oma tegevusega klienti v\u00f5i Lahendus.neti tegevust muul viisil, on juhatusel ja juhatuse poolt volitatud isikutel \u00f5igus lugeda Lahendaja vestlusi. Probleemide ilmnemisel v\u00f5tab juhatus Lahendajaga \u00fchendust.<\/strong><\/p>\n","protected":false},"excerpt":{"rendered":"<p>Lahendaja roll on pakkuda kliendile n\u00f5ustamisteenust, mis vastab kliendi vajadustele ja on koosk\u00f5las Lahendaja v\u00f5imete ja oskustega. N\u00f5ustamisteenus v\u00f5ib t\u00e4hendada siinkohal nii pikemaajalist kirjavahetust, mille k\u00e4igus n\u00e4iteks anal\u00fc\u00fcsitakse l\u00e4hemalt kliendi probleeme ja \u00f5petatakse talle toimetulekuoskusi, kui ka l\u00fchemat t\u00fc\u00fcpi suhtlust vastuseks m\u00f5nele konkreetsele k\u00fcsimusele. Lahendaja \u00f5piv\u00e4ljundid Juhendamistegevuste eesm\u00e4rgiks on arendada lahendajas j\u00e4rgnevaid p\u00e4devusi. Nende p\u00e4devuste&#8230;<\/p>\n<div class=\" [&hellip;]\"><a href=\"https:\/\/lahendus.net\/ru\/lahendaja-meelespea\/lahendajat-puudutav\/lahendaja-roll\/\">\u0427\u0438\u0442\u0430\u0442\u044c \u0434\u0430\u043b\u0435\u0435<\/a><\/div>\n","protected":false},"author":24,"featured_media":0,"parent":1221,"menu_order":1,"comment_status":"closed","ping_status":"closed","template":"","meta":{"_acf_changed":false,"footnotes":""},"class_list":["post-1042","page","type-page","status-publish","hentry"],"acf":[],"_links":{"self":[{"href":"https:\/\/lahendus.net\/ru\/wp-json\/wp\/v2\/pages\/1042","targetHints":{"allow":["GET"]}}],"collection":[{"href":"https:\/\/lahendus.net\/ru\/wp-json\/wp\/v2\/pages"}],"about":[{"href":"https:\/\/lahendus.net\/ru\/wp-json\/wp\/v2\/types\/page"}],"author":[{"embeddable":true,"href":"https:\/\/lahendus.net\/ru\/wp-json\/wp\/v2\/users\/24"}],"replies":[{"embeddable":true,"href":"https:\/\/lahendus.net\/ru\/wp-json\/wp\/v2\/comments?post=1042"}],"version-history":[{"count":12,"href":"https:\/\/lahendus.net\/ru\/wp-json\/wp\/v2\/pages\/1042\/revisions"}],"predecessor-version":[{"id":2312,"href":"https:\/\/lahendus.net\/ru\/wp-json\/wp\/v2\/pages\/1042\/revisions\/2312"}],"up":[{"embeddable":true,"href":"https:\/\/lahendus.net\/ru\/wp-json\/wp\/v2\/pages\/1221"}],"wp:attachment":[{"href":"https:\/\/lahendus.net\/ru\/wp-json\/wp\/v2\/media?parent=1042"}],"curies":[{"name":"wp","href":"https:\/\/api.w.org\/{rel}","templated":true}]}}