{"id":1014,"date":"2019-08-22T10:28:43","date_gmt":"2019-08-22T10:28:43","guid":{"rendered":"https:\/\/lahendus.net\/?page_id=1014"},"modified":"2021-01-26T14:38:33","modified_gmt":"2021-01-26T12:38:33","slug":"lahendaja-meelespea","status":"publish","type":"page","link":"https:\/\/lahendus.net\/ru\/lahendaja-meelespea\/","title":{"rendered":"Meelespea"},"content":{"rendered":"<p><span style=\"font-weight: 400;\">Lahendajate meelespea on loodud selleks, et aidata lahendajatel pakkuda kvaliteetsemat n\u00f5ustamisteenust ja leida vastuseid enimlevinud k\u00fcsimustele ja murekohtadele. Meelespea aitab lahendajatel k\u00e4sitleda oma juhtumeid p\u00f5hjalikult ja erinevate nurkade alt, p\u00f6\u00f6rates t\u00e4helepanu ka omaenda enesetundele. <\/span><\/p>\n<p><span style=\"font-weight: 400;\">Meelespead lugedes tasub silmas pidada, et k\u00f5ikidele juhtumitele ja olukordadele ei ole v\u00f5imalik \u00fcheseid lahendussamme kirja panna. Seet\u00f5ttu on t\u00e4htis, et lahendajad arutaks vajadusel esilekerkinud muresid oma mentori, m\u00f5ne kogenud lahendajaga ja\/v\u00f5i superviisoriga. <\/span><\/p>\n<p><span style=\"font-weight: 400;\">Kui m\u00f5ni k\u00fcsimus v\u00f5i mure j\u00e4\u00e4b siiski \u00f5hku, anna sellest kindlasti juhatusele m\u00e4rku (kontaktid leiad <a href=\"https:\/\/lahendus.net\/lahendaja-meelespea\/lahendus-net-uldinfo\/millise-juhatuse-liikme-poole-tuleks-enda-murega-poorduda\/\">siit<\/a>).<\/span><\/p>\n<p>&nbsp;<\/p>\n","protected":false},"excerpt":{"rendered":"<p>Lahendajate meelespea on loodud selleks, et aidata lahendajatel pakkuda kvaliteetsemat n\u00f5ustamisteenust ja leida vastuseid enimlevinud k\u00fcsimustele ja murekohtadele. Meelespea aitab lahendajatel k\u00e4sitleda oma juhtumeid p\u00f5hjalikult ja erinevate nurkade alt, p\u00f6\u00f6rates t\u00e4helepanu ka omaenda enesetundele. Meelespead lugedes tasub silmas pidada, et k\u00f5ikidele juhtumitele ja olukordadele ei ole v\u00f5imalik \u00fcheseid lahendussamme kirja panna. Seet\u00f5ttu on t\u00e4htis, et&#8230;<\/p>\n<div class=\" [&hellip;]\"><a href=\"https:\/\/lahendus.net\/ru\/lahendaja-meelespea\/\">\u0427\u0438\u0442\u0430\u0442\u044c \u0434\u0430\u043b\u0435\u0435<\/a><\/div>\n","protected":false},"author":24,"featured_media":0,"parent":0,"menu_order":0,"comment_status":"closed","ping_status":"closed","template":"","meta":{"_acf_changed":false,"footnotes":""},"class_list":["post-1014","page","type-page","status-publish","hentry"],"acf":[],"_links":{"self":[{"href":"https:\/\/lahendus.net\/ru\/wp-json\/wp\/v2\/pages\/1014","targetHints":{"allow":["GET"]}}],"collection":[{"href":"https:\/\/lahendus.net\/ru\/wp-json\/wp\/v2\/pages"}],"about":[{"href":"https:\/\/lahendus.net\/ru\/wp-json\/wp\/v2\/types\/page"}],"author":[{"embeddable":true,"href":"https:\/\/lahendus.net\/ru\/wp-json\/wp\/v2\/users\/24"}],"replies":[{"embeddable":true,"href":"https:\/\/lahendus.net\/ru\/wp-json\/wp\/v2\/comments?post=1014"}],"version-history":[{"count":9,"href":"https:\/\/lahendus.net\/ru\/wp-json\/wp\/v2\/pages\/1014\/revisions"}],"predecessor-version":[{"id":1346,"href":"https:\/\/lahendus.net\/ru\/wp-json\/wp\/v2\/pages\/1014\/revisions\/1346"}],"wp:attachment":[{"href":"https:\/\/lahendus.net\/ru\/wp-json\/wp\/v2\/media?parent=1014"}],"curies":[{"name":"wp","href":"https:\/\/api.w.org\/{rel}","templated":true}]}}