{"id":1120,"date":"2019-09-17T12:31:53","date_gmt":"2019-09-17T12:31:53","guid":{"rendered":"https:\/\/lahendus.net\/?page_id=1120"},"modified":"2026-03-12T13:05:43","modified_gmt":"2026-03-12T11:05:43","slug":"millise-juhatuse-liikme-poole-tuleks-enda-murega-poorduda","status":"publish","type":"page","link":"https:\/\/lahendus.net\/en\/lahendaja-meelespea\/lahendus-net-uldinfo\/millise-juhatuse-liikme-poole-tuleks-enda-murega-poorduda\/","title":{"rendered":"Millise juhatuse liikme poole tuleks enda murega p\u00f6\u00f6rduda?"},"content":{"rendered":"<div class=\"wpb-content-wrapper\"><p>[vc_row][vc_column][vc_column_text css=&#8221;&#8221;]<b>Millise juhatuse liikme poole tuleks enda murega p\u00f6\u00f6rduda?<\/b><\/p>\n<p>&nbsp;<\/p>\n<p><span style=\"font-weight: 400;\">Tegevjuht\u00a0 \u2013 tegevjuht@lahendus.net:<\/span><\/p>\n<p><span style=\"font-weight: 400;\">Lahendus.neti tulevikuplaanid ja eesm\u00e4rgid<\/span><\/p>\n<p><span style=\"font-weight: 400;\">Lahendus.neti juhatuse t\u00f6\u00f6<\/span><\/p>\n<p><span style=\"font-weight: 400;\">Lahendus.neti koost\u00f6\u00f6 teiste organisatsioonidega<\/span><\/p>\n<p><span style=\"font-weight: 400;\">Lahendus.neti suhtlus meediaga<\/span><\/p>\n<p><span style=\"font-weight: 400;\">Iga mure, mille osas ei osanud teise juhatuse liikme poole p\u00f6\u00f6rduda<\/span><\/p>\n<p>&nbsp;<\/p>\n<p><span style=\"font-weight: 400;\">Kliendit\u00f6\u00f6 koordinaator \u2013 koordinaator@lahendus.net:<\/span><\/p>\n<p><span style=\"font-weight: 400;\">mure seoses kliendiga<\/span><\/p>\n<p><span style=\"font-weight: 400;\">mure seoses klientidele vastamisega<\/span><\/p>\n<p><span style=\"font-weight: 400;\">mure seoses individuaalsesse supervisiooni p\u00f6\u00f6rdumisega<\/span><\/p>\n<p><span style=\"font-weight: 400;\">soov Lahendus.netist lahkuda<\/span><\/p>\n<p><span style=\"font-weight: 400;\">\u00a0<\/span><\/p>\n<p><span style=\"font-weight: 400;\">Koolitusjuht \u2013 koolitusjuht@lahendus.net:<\/span><\/p>\n<p><span style=\"font-weight: 400;\">k\u00fcsimused ja m\u00f5tted seoses Lahendus.neti koolitustega<\/span><\/p>\n<p><span style=\"font-weight: 400;\">k\u00fcsimused ja m\u00f5tted seoses Lahendus.neti teabe\u00fcritustega<\/span><\/p>\n<p><span style=\"font-weight: 400;\">k\u00fcsimused ja m\u00f5tted seoses Lahendus.neti osalemisega Tartu tudengip\u00e4evadel<\/span><\/p>\n<p>&nbsp;<\/p>\n<p><span style=\"font-weight: 400;\">Tartu personalijuht \u2013 tartupersonalijuht@lahendus.net\u00a0 ja Tallinna personalijuht \u2013 tallinnapersonalijuht@lahendus.net:<\/span><\/p>\n<p><span style=\"font-weight: 400;\">mure seoses grupisupervisioonidega v\u00f5i sinna juhtumi esitamisega<\/span><\/p>\n<p><span style=\"font-weight: 400;\">k\u00fcsimused seoses uute lahendajate vastuv\u00f5tuga<\/span><\/p>\n<p><span style=\"font-weight: 400;\">mured seoses mentorlussuhtega<\/span><\/p>\n<p><span style=\"font-weight: 400;\">\u00a0<\/span><\/p>\n<p><span style=\"font-weight: 400;\">Infojuht \u2013 infojuht@lahendus.net:<\/span><\/p>\n<p><span style=\"font-weight: 400;\">k\u00fcsimused seoses Lahendus.neti sise- ja v\u00e4liskommunikatsiooniga (sh koost\u00f6\u00f6 ja k\u00fcsimused seoses ajakirjanduse, televisiooni, sotsiaalmeedia jmt-ga)<\/span><\/p>\n<p>&nbsp;<\/p>\n<p>&nbsp;<\/p>\n<p><span style=\"font-weight: 400;\">Majandusjuht \u2013 majandusjuht@lahendus.net:<\/span><\/p>\n<p><span style=\"font-weight: 400;\">k\u00fcsimused seoses Lahendus.neti rahastusega<\/span><\/p>\n<p><span style=\"font-weight: 400;\">k\u00fcsimused seoses Lahendus.neti palkadega<\/span>[\/vc_column_text][\/vc_column][\/vc_row]<\/p>\n<\/div>","protected":false},"excerpt":{"rendered":"<p>[vc_row][vc_column][vc_column_text css=&#8221;&#8221;]Millise juhatuse liikme poole tuleks enda murega p\u00f6\u00f6rduda? &nbsp; Tegevjuht\u00a0 \u2013 tegevjuht@lahendus.net: Lahendus.neti tulevikuplaanid ja eesm\u00e4rgid Lahendus.neti juhatuse t\u00f6\u00f6 Lahendus.neti koost\u00f6\u00f6 teiste organisatsioonidega Lahendus.neti suhtlus meediaga Iga mure, mille osas ei osanud teise juhatuse liikme poole p\u00f6\u00f6rduda &nbsp; Kliendit\u00f6\u00f6 koordinaator \u2013 koordinaator@lahendus.net: mure seoses kliendiga mure seoses klientidele vastamisega mure seoses individuaalsesse supervisiooni p\u00f6\u00f6rdumisega&#8230;<\/p>\n<div class=\" [&hellip;]\"><a href=\"https:\/\/lahendus.net\/en\/lahendaja-meelespea\/lahendus-net-uldinfo\/millise-juhatuse-liikme-poole-tuleks-enda-murega-poorduda\/\">Read more<\/a><\/div>\n","protected":false},"author":24,"featured_media":0,"parent":1214,"menu_order":0,"comment_status":"closed","ping_status":"closed","template":"","meta":{"_acf_changed":false,"footnotes":""},"class_list":["post-1120","page","type-page","status-publish","hentry"],"acf":[],"_links":{"self":[{"href":"https:\/\/lahendus.net\/en\/wp-json\/wp\/v2\/pages\/1120","targetHints":{"allow":["GET"]}}],"collection":[{"href":"https:\/\/lahendus.net\/en\/wp-json\/wp\/v2\/pages"}],"about":[{"href":"https:\/\/lahendus.net\/en\/wp-json\/wp\/v2\/types\/page"}],"author":[{"embeddable":true,"href":"https:\/\/lahendus.net\/en\/wp-json\/wp\/v2\/users\/24"}],"replies":[{"embeddable":true,"href":"https:\/\/lahendus.net\/en\/wp-json\/wp\/v2\/comments?post=1120"}],"version-history":[{"count":18,"href":"https:\/\/lahendus.net\/en\/wp-json\/wp\/v2\/pages\/1120\/revisions"}],"predecessor-version":[{"id":2719,"href":"https:\/\/lahendus.net\/en\/wp-json\/wp\/v2\/pages\/1120\/revisions\/2719"}],"up":[{"embeddable":true,"href":"https:\/\/lahendus.net\/en\/wp-json\/wp\/v2\/pages\/1214"}],"wp:attachment":[{"href":"https:\/\/lahendus.net\/en\/wp-json\/wp\/v2\/media?parent=1120"}],"curies":[{"name":"wp","href":"https:\/\/api.w.org\/{rel}","templated":true}]}}