{"id":1088,"date":"2019-08-29T06:36:07","date_gmt":"2019-08-29T06:36:07","guid":{"rendered":"https:\/\/lahendus.net\/?page_id=1088"},"modified":"2023-12-03T14:44:57","modified_gmt":"2023-12-03T12:44:57","slug":"kirja-vormistus-kirjakeel","status":"publish","type":"page","link":"https:\/\/lahendus.net\/en\/lahendaja-meelespea\/kirja-kirjutamine\/kirja-vormistus-kirjakeel\/","title":{"rendered":"Kirja vormistus. Kirjakeel."},"content":{"rendered":"<p><span style=\"font-weight: 400;\">Vastust esmakirjale <\/span><b>alusta enese tutvustamisega<\/b><span style=\"font-weight: 400;\">. Enesetutvustusel pole kindlat formaati, mida k\u00f5ik lahendajad peavad kasutama, aga see peaks sisaldama j\u00e4rgmist infot:<\/span><\/p>\n<ul>\n<li>Maini enda haridustaset, n\u00e4iteks &#8220;\u00f5pin ps\u00fchholoogiat Tallinna \u00dclikoolis&#8221; v\u00f5i &#8220;Olen omandanud magistrikraadi Tartu \u00dclikoolis&#8221;. Kui oled l\u00e4binud m\u00f5ne teraapia v\u00e4lja\u00f5ppe, v\u00f5id soovi korral ka seda mainida.<\/li>\n<li>Maini, et kirjavahetus on konfidentsiaalne.<\/li>\n<li>Kui sul on mentor, siis anna kliendile teada, et ka mentoril on ligip\u00e4\u00e4s teie kirjavahetusele.<\/li>\n<li>Maini mitme p\u00e4eva jooksul sa kliendi kirjadele vastad (alustavad lahendajad 5 p\u00e4eva jooksul, iseseisvunud lahendajad 4 p\u00e4eva jooksul).<\/li>\n<li>Samuti v\u00f5id avaldada heameelt (aga mitte \u00fclevoolavat) selle \u00fcle, et klient usaldas oma mure Lahendus.netile.<\/li>\n<li>NB! \u00c4ra kasuta v\u00e4ljendit &#8220;Kirjavahetus ei liigu Lahendus.neti keskkonnast v\u00e4ljapoole&#8221;, sest see ei pruugi olla t\u00f5si, kui on n\u00e4iteks oht kliendi v\u00f5i kellegi teise elule.<\/li>\n<\/ul>\n<p><b>Otsusta, kas sinatad v\u00f5i teietad klienti.<\/b><span style=\"font-weight: 400;\"> Sealjuures arvesta kliendi stiili ja vanusega. V\u00f5ib ka kliendilt \u00fcle k\u00fcsida, kuidas temale sobib.\u00dcldiselt on sinatamine levinum, sealjuures &#8220;Sa&#8221; kirjutatakse enamasti suure t\u00e4hega. Kui klient sinatab, on vaikiv kokkulepe, et ka Lahendaja kasutab sina-vormi. Kui klient j\u00e4\u00e4b hoolimata Lahendajapoolsest sinatamisest Lahendajat teietama, on m\u00f5tet tema eeskuju j\u00e4rgida v\u00f5i kahtluse korral \u00fcle k\u00fcsida, kas kliendile sobib, kui talle &#8220;Sina&#8221; \u00f6elda. &#8220;Teie&#8221; j\u00e4tab teatava emotsionaalse distantsi. Laste puhul on &#8220;Sina&#8221; loomulikum. Sinatamine ja teietamine on suures osas sisetunde k\u00fcsimus. Sinatamine v\u00f5imaldab luua isiklikku suhet, kuid see ei tohi m\u00f5juda familiaarselt. Proovi asetada end kliendi olukorda ning m\u00f5elda, millist p\u00f6\u00f6rdumist tema eelistaks.<\/span><\/p>\n<p><b>Arvesta kirjutaja ea ja vaimsete v\u00f5imetega<\/b><span style=\"font-weight: 400;\">. Kui Sa kliendi kohta palju ei tea, kirjuta lihtlausetega ja vali sellised s\u00f5nad, et 10 aastane ka aru saaks. Kliendile arusaadav olemiseks l\u00e4htu vastamisel tema v\u00e4ljenditest ja \u00fcldisest stiilist (see ei t\u00e4henda j\u00e4ljendamist). Samas, 14-aastane v\u00f5ib olla keelelise arengu tasemelt 30-aastasest ees, seega ei saa r\u00f5huda niiv\u00f5rd eale, kuiv\u00f5rd j\u00e4lgida, kuidas klient ennast v\u00e4ljendab.\u00a0\u00a0<\/span><\/p>\n<p><span style=\"font-weight: 400;\">Oluline erinevus on ka see, et klient v\u00f5ib kirjutada hetkeemotsiooni ajel ja kaootiliselt, kuid <\/span><b>Sinu kirjad peavad olema struktureeritud ja l\u00e4bim\u00f5eldud<\/b><span style=\"font-weight: 400;\">. J\u00e4lgi, et sama teema paikneks f\u00fc\u00fcsiliselt \u00fches kohas. Kui klient peab kirja lugedes j\u00e4lgima teemade vahel karglevat m\u00f5ttel\u00f5nga, on t\u00f5en\u00e4oline, et talle j\u00e4\u00e4b Lahendaja ideedest l\u00fcnklik ja tervikut mittemoodustav pilt.\u00a0\u00a0<\/span><\/p>\n<p><b>Liigenda teksti<\/b><span style=\"font-weight: 400;\">, et kliendil oleks lihtsam Su m\u00f5tteid j\u00e4lgida. Et m\u00f5tteid \/ teemasid koondada, v\u00f5id koos kliendiga koostada n\u00e4iteks teemade v\u00f5i probleemide <\/span><b>loetelu<\/b><span style=\"font-weight: 400;\">. Kui tegu on pikemate kirjadega, pane l\u00f5ikudele alapealkirju, et tekiks visuaalne jaotus.\u00a0\u00a0<\/span><\/p>\n<p><span style=\"font-weight: 400;\">Vajadusel <\/span><b>tee vahekokkuv\u00f5tteid<\/b><span style=\"font-weight: 400;\">. \u00c4ra siiski kokkuv\u00f5tetega \u00fcle pinguta ning l\u00e4htu kliendi arengutasemest. M\u00f5tle h\u00e4sti j\u00e4rgi, kas kiri peab olema nii pikk, et tekiks vahekokkuv\u00f5tete vajadus. Kaks olulist l\u00f5iku v\u00f5ib eraldada ka \u00fcksiku k\u00fcsimusega v\u00f5i vahelausega, et klient eri m\u00f5tteid \u00fcksteisest eraldaks. Kui Sa kirja l\u00e4bi loed, j\u00e4lgi, et see kulgeks algusest l\u00f5puni loogiliselt, ja ei oleks hakitud ega koosneks suvalises j\u00e4rjekorras l\u00f5ikudest. Kliendi teksti vahele kirjutamine vastusesse on ebasoovitatav, esiteks j\u00e4tab see r\u00e4paka mulje, teiseks ei teki kliendil muljet Sinu kirjast kui tervikust ja kolmandaks j\u00e4\u00e4b Sinu kirjast puudu \u00fcmbers\u00f5nastamine, mis on teatavasti oluline tehnika kliendi m\u00f5istmisel ja oma empaatia v\u00e4ljan\u00e4itamisel.\u00a0\u00a0<\/span><\/p>\n<p><b>J\u00e4lgi, et Su kirjal oleks sisu \u00fcmber algus ja l\u00f5pp<\/b><span style=\"font-weight: 400;\"> &#8211; sissejuhatus ja v\u00e4ljajuhatus. Kui klient Sul kabinetis istuks, siis ei j\u00e4tkaks Sa ju poole lause pealt teksti, mis teil eelmine kord pooleli j\u00e4i. Alustuseks tee l\u00fchike kokkuv\u00f5te kliendi kirjast, peegeldades kliendile oma arusaama tema olukorrast, samuti oma m\u00f5tteid ja tundeid. Kindlasti on alguses ja l\u00f5pus (kuigi mitte ainult) m\u00f5tet \u00f6elda midagi hoolivat ja s\u00f5bralikku, see loob meeldiva \u00f5hkkonna ja kirja l\u00f5pus j\u00e4tab \u00fcldmulje. Esmamulje ja viimane mulje on teatavasti t\u00e4htsad, sest kirja algus ja l\u00f5pp j\u00e4\u00e4vad inimesele enim meelde.\u00a0<\/span><\/p>\n<p><b>Kasuta korrektset kirjakeelt ja kirjavahem\u00e4rke<\/b><span style=\"font-weight: 400;\">, v\u00e4ldi numbrite kasutamist t\u00e4pit\u00e4htede asemel ning xcyz kasutamist teatud t\u00e4hel\u00fchendite abil. Liigsed punktid, h\u00fc\u00fcum\u00e4rgid ja emotikonid koguses :))))))))))))) pole hea toon. &#8220;Tsau&#8221; ja &#8220;hei&#8221; on k\u00f5nekeel, mitte kirjakeel. Kliendi moodi r\u00e4\u00e4kimine ei t\u00e4henda omamehelikkust ja viisakast stiilist loobumist, vaid talle arusaadavas keeles r\u00e4\u00e4kimist. Seda saab teha ka professionaalselt. R\u00e4\u00e4gi eesti keeles. Inglise keele ja \u00fcldse sl\u00e4ngi kasutamine ei ole hea toon. Konstantselt \u00fche punkti asemele kolme kasutamine &#8230; v\u00f5ib k\u00fcll olla spontaanne&#8230;. ja kohati &#8230; edasim\u00f5tlemisele \u00e4rgitav, kuid selle pidev kasutamine&#8230;. j\u00e4tab t\u00f6\u00f6vihiku mulje stiilis &#8230;.&#8221;T\u00e4ida l\u00fcngad&#8221;&#8230; + pooliku ja hajuva mulje.<\/span><\/p>\n<p><b>V\u00e4ldi liigseid ases\u00f5nu ja kahetim\u00f5istetavusi<\/b><span style=\"font-weight: 400;\">. Kujuta ette Lahendajapoolset lauset &#8220;Kirjutasid eelmises kirjast temast ja endast. M\u00f5tlesin selle juhtumi \u00fcle j\u00e4rgi, ja tahaksin teada, mida Sa ise selle suhtes tunned? Kas Sa olid kurb selle esimese poisi p\u00e4rast v\u00f5i hoopis teise?&#8221; Klient v\u00f5ib olla kirjutanud mitmest isikust, mitmest s\u00fcndmusest, mitmetest tunnetest ja ammugi ei pruugi ta m\u00e4letada, kes oli &#8220;esimene&#8221; ja kes &#8220;teine&#8221;. Esita k\u00fcsimused ja enda tekst sellisena, et see v\u00f5imaldaks \u00fcheselt aru saada, mida Sa tahad teada v\u00f5i kellest jutt k\u00e4ib.\u00a0\u00a0<\/span><\/p>\n<p>&nbsp;<\/p>\n<h2><b>Kirja pikkus<\/b><\/h2>\n<p><span style=\"font-weight: 400;\">Kirjuta nii pikalt kui vajalik ning nii l\u00fchidalt kui v\u00f5imalik. \u00dctle palju ning r\u00e4\u00e4gi v\u00e4he. Sinu ja kliendi kirjad on teie m\u00f5lema postkastis ajalises j\u00e4rjestuses n\u00e4ha. Neid saab \u00fckshaaval laiemaks kl\u00f5psida ja nii on \u00fclevaade varasematest kirjadest vajadusel kogu aeg silma all.\u00a0\u00a0<\/span><\/p>\n<p><b>V\u00e4ldi liiga pikkade kirjade kirjutamist<\/b><span style=\"font-weight: 400;\">. Soovituslik on valida koos kliendiga v\u00e4lja (kui kliendi vanus, arutlus- ja anal\u00fc\u00fcsiv\u00f5ime seda v\u00f5imaldab) m\u00f5ned probleemid, millega esmaj\u00e4rjekorras tegeleda. Neid v\u00f5ib valida selle j\u00e4rgi, mis probleem on<\/span><\/p>\n<p><span style=\"font-weight: 400;\">1) kliendi seisukohast k\u00f5ige olulisem<\/span><\/p>\n<p><span style=\"font-weight: 400;\">2) kliendi seisukohast k\u00f5ige kergemini lahendatav. M\u00f5ne kergema probleemi lahendamine v\u00f5ib anda kliendile eduelamuse ja motivatsiooni \u00fclej\u00e4\u00e4nutega toimetulekuks.<\/span><\/p>\n<p><b>V\u00e4ldi liiga l\u00fchikeste kirjade kirjutamist.<\/b><span style=\"font-weight: 400;\"> Kui klient on kirjutanud Sulle pika jutu oma enesetundest ja hulga k\u00fcsimusi, siis j\u00e4\u00e4b talle v\u00e4heks sellest, kui Sa lihtsalt annad m\u00f5ne internetilingi. See v\u00f5ib j\u00e4tta mulje, et Sa pole ta kirja lugeda viitsinud. Ja isegi kui kliendi kiri ei ole v\u00e4ga pikk, v\u00f5ib see sisaldada m\u00f5nda olulist k\u00fcsimust, millele ta ootab p\u00f5hjalikku vastust.<\/span><\/p>\n<p><b>Kirjavahetuste pikkus\u00a0<\/b><\/p>\n<p><span style=\"font-weight: 400;\">Kirjavahetuse pikkusele ei ole olemas universaalset juhist. Kirjavahetuse pikkuse \u00fcle peaks otsustama juhtumi konseptualiseeringu p\u00f5hjal. Pikemate kirjavahetuste puhul tuleb seda eriti j\u00e4lgida.<\/span><\/p>\n","protected":false},"excerpt":{"rendered":"<p>Vastust esmakirjale alusta enese tutvustamisega. Enesetutvustusel pole kindlat formaati, mida k\u00f5ik lahendajad peavad kasutama, aga see peaks sisaldama j\u00e4rgmist infot: Maini enda haridustaset, n\u00e4iteks &#8220;\u00f5pin ps\u00fchholoogiat Tallinna \u00dclikoolis&#8221; v\u00f5i &#8220;Olen omandanud magistrikraadi Tartu \u00dclikoolis&#8221;. Kui oled l\u00e4binud m\u00f5ne teraapia v\u00e4lja\u00f5ppe, v\u00f5id soovi korral ka seda mainida. Maini, et kirjavahetus on konfidentsiaalne. Kui sul on mentor,&#8230;<\/p>\n<div class=\" [&hellip;]\"><a href=\"https:\/\/lahendus.net\/en\/lahendaja-meelespea\/kirja-kirjutamine\/kirja-vormistus-kirjakeel\/\">Read more<\/a><\/div>\n","protected":false},"author":24,"featured_media":0,"parent":1219,"menu_order":3,"comment_status":"closed","ping_status":"closed","template":"","meta":{"_acf_changed":false,"footnotes":""},"class_list":["post-1088","page","type-page","status-publish","hentry"],"acf":[],"_links":{"self":[{"href":"https:\/\/lahendus.net\/en\/wp-json\/wp\/v2\/pages\/1088","targetHints":{"allow":["GET"]}}],"collection":[{"href":"https:\/\/lahendus.net\/en\/wp-json\/wp\/v2\/pages"}],"about":[{"href":"https:\/\/lahendus.net\/en\/wp-json\/wp\/v2\/types\/page"}],"author":[{"embeddable":true,"href":"https:\/\/lahendus.net\/en\/wp-json\/wp\/v2\/users\/24"}],"replies":[{"embeddable":true,"href":"https:\/\/lahendus.net\/en\/wp-json\/wp\/v2\/comments?post=1088"}],"version-history":[{"count":6,"href":"https:\/\/lahendus.net\/en\/wp-json\/wp\/v2\/pages\/1088\/revisions"}],"predecessor-version":[{"id":2298,"href":"https:\/\/lahendus.net\/en\/wp-json\/wp\/v2\/pages\/1088\/revisions\/2298"}],"up":[{"embeddable":true,"href":"https:\/\/lahendus.net\/en\/wp-json\/wp\/v2\/pages\/1219"}],"wp:attachment":[{"href":"https:\/\/lahendus.net\/en\/wp-json\/wp\/v2\/media?parent=1088"}],"curies":[{"name":"wp","href":"https:\/\/api.w.org\/{rel}","templated":true}]}}