{"id":1072,"date":"2019-08-29T06:28:43","date_gmt":"2019-08-29T06:28:43","guid":{"rendered":"https:\/\/lahendus.net\/?page_id=1072"},"modified":"2023-03-16T20:23:33","modified_gmt":"2023-03-16T18:23:33","slug":"supervisioonid","status":"publish","type":"page","link":"https:\/\/lahendus.net\/en\/lahendaja-meelespea\/lahendajat-puudutav\/supervisioonid\/","title":{"rendered":"Supervisioonid"},"content":{"rendered":"<p><span style=\"font-weight: 400;\">Lahendus.net pakub superviseeritud n\u00f5ustamisteenust. Lahendus.neti kodulehel on kirjas: \u201c<\/span><span style=\"font-weight: 400;\">Meie vabatahtlike t\u00f6\u00f6 kvaliteeti tagab j\u00e4rjepidev juhendamine kutsetunnistusega spetsialistide poolt<\/span><span style=\"font-weight: 400;\">\u201d.<\/span><\/p>\n<p><span style=\"font-weight: 400;\">Lahendus.netiga liitumine on vabatahtlik, aga liitumine toob endaga kaasa kohustused, millest \u00fcheks on supervisioonid. Supervisioonides k\u00e4imine on kohustuslik.<\/span><\/p>\n<p><span style=\"font-weight: 400;\"><strong>Supervisioon on oluline selleks, et tagada n\u00f5ustamise kvaliteet.<\/strong> Seda l\u00e4bi juhtumite ja kogemuste jagamise, nende \u00fcle arutamise ning nendest \u00f5ppimise.<br \/>\n<\/span><\/p>\n<p><span style=\"font-weight: 400;\">Supervisioonid on suurep\u00e4rane v\u00f5imalus arutada juhtumeid kogenud elukutseliste ps\u00fchholoogide ja ka kaaslahendajatega, v\u00f5imaldades n\u00e4ha, kuidas teised juhtumitele l\u00e4henevad. See on v\u00f5imalus saada v\u00e4\u00e4rt m\u00f5tteid, mis aitavad konkreetsete juhtumitega, aga ka n\u00f5ustamisega \u00fcldisemalt.\u00a0<\/span><\/p>\n<p><strong>Supervisioone on kahte t\u00fc\u00fcpi: grupisupervisioon ja individuaalne supervisioon.<\/strong><\/p>\n<h2>Grupisupervisioon<\/h2>\n<p><span style=\"font-weight: 400;\">Grupisupervisioonid on <strong>juhtumip\u00f5hised<\/strong>. \u00dcks lahendaja esitab juhtumi ning grupp arutab selle \u00fcle superviisori juhtimisel.<\/span><\/p>\n<p><span style=\"font-weight: 400;\">Grupisupervisioonid toimuvad <strong>kord kuus<\/strong> Tartus ja veebi teel Zoomis (v.a. suvekuudel).<\/span><\/p>\n<p><span style=\"font-weight: 400;\"><strong>Grupisupervisioonis osalemine on kohustuslik<\/strong>. Lahendajatel, kes on aktiivselt lahendanud alla kahe aasta, tuleb osaleda v\u00e4hemalt \u00fches grupisupervisioonis kahe kuu jooksul. Lahendajatel, kes on lahendanud kas \u00fcle kahe aasta ja\/v\u00f5i on pikemalt pausil\/puhkusel (ilma, et neil oleks aktiivseid kirjavahetusi), on kohustus k\u00e4ia grupisupervisioonis kord iga poole aasta tagant ehk kaks korda aastas.<\/span><\/p>\n<p><span style=\"font-weight: 400;\">Kui lahendaja seda kohustust ei t\u00e4ida, siis v\u00f5etakse temaga \u00fchendust ning tal on kohustus v\u00f5tta erasupervisiooni, et tagada n\u00f5ustaja t\u00f6\u00f6 areng ja toetus. Kui lahendaja ei leia kuu aja jooksul v\u00f5imalust erasupervisiooniks, siis v\u00f5etakse ta graafikust maha, kuni ta selle aja leiab.<\/span><\/p>\n<h2><b>Individuaalne supervisioon<\/b><\/h2>\n<p>Individuaalseid supervisioone viib l\u00e4bi ps\u00fchholoog Tuuli Junolainen. Temaga saab kontakti:<\/p>\n<p><b>meiliaadressil &#8211;<\/b> <a href=\"mailto:tuulsalu@gmail.com\">tuulsalu@gmail.com<\/a><\/p>\n<p><b>telefonil &#8211; <\/b>+372 55 671 218<\/p>\n<p><b>Skype&#8217;i teel &#8211; <\/b>tuuli.piirsalu<\/p>\n<p><span style=\"font-weight: 400;\">Individuaalne supervisioon v\u00f5imaldab personaalselt ja s\u00fcvitsi tegeleda lahendajal oma kogemuste ja ootustega. See annab v\u00f5imaluse vaadata \u00fcle lahendaja n\u00f5ustamisstiil ja lahendaja v\u00f5imalikud tugevused ja n\u00f5rkused.<strong> Individuaalsel supervisioonil on kaks vormi &#8211; korraline ja erakorraline. <\/strong><\/span><\/p>\n<h3><span style=\"font-weight: 400;\">Korraline individuaalne supervisioon<\/span><\/h3>\n<p>Supervisioon on arutelu, koos m\u00f5tlemine ja anal\u00fc\u00fcs, mille tulemusena saab n\u00f5ustaja areneda. <b>Supervisioon ei h\u00f5lma endas pelgalt juhtumite anal\u00fc\u00fcsi<\/b>, vaid ka lahendaja enda tundeid, m\u00f5tteid ja k\u00fcsimusi.<\/p>\n<p>Supervisiooniks vali v\u00e4lja <b>1-2 juhtumit<\/b> ning <b>koosta nende kontseptualiseering<\/b>, toetudes j\u00e4rgmistele k\u00fcsimustele:<\/p>\n<ol>\n<li>Milles seisnes kliendi p\u00f5hiprobleem?<\/li>\n<li>Milline oli minu roll n\u00f5ustajana ja kuidas see muutus?<\/li>\n<li>Mis mul antud juhtumi juures \u00f5nnestus?<\/li>\n<li>Mida ma antud juhtumist \u00f5ppisin?<\/li>\n<li>K\u00fcsimusi.<\/li>\n<\/ol>\n<p>Lisaks juhtumeid puudutavatele k\u00fcsimustele <b>m\u00f5tle ka enda kogemusele lahendajana<\/b>. N\u00e4iteks:<\/p>\n<ol>\n<li>Kuidas n\u00e4ed enda arengut lahendajana? Kuidas oled juba arenenud ning kuidas tahaksid tulevikus areneda?<\/li>\n<li>Millised on olnud sinu v\u00e4ljakutsed ja tugevused lahendajana?<\/li>\n<\/ol>\n<p>Samuti on supervisiooni oodatud ka k\u00f5ik muud n\u00f5ustamisega seonduvad k\u00fcsimused ja teemad. <b>On oluline, et supervisioon vastaks Sinu kui lahendaja vajadustele<\/b> &#8211; k\u00e4esolev juhend on hea suunis ettevalmistumiseks, kuid kui tunned, et soovid vestluses k\u00e4sitleda midagi muud, siis <b>l\u00e4htu enda eesm\u00e4rkidest ja soovidest<\/b>. Supervisiooni \u00fclesehituse ja sisu kujunemisel on ka Sinul oluline roll.<\/p>\n<p>Superviisor Tuuli t\u00f6\u00f6tab l\u00e4bi Sinu poolt esitatud juhtumid ja anal\u00fc\u00fcsi ning toob v\u00e4lja enda teemakohased m\u00f5tted ja soovitused.<b> \u00dcldjuhul ei ole vaja talle kirjavahetust eraldi saata<\/b>, sest tal on Lahendus.neti lehel ligip\u00e4\u00e4s olemas. K\u00fcll aga on see vajalik, kui kirjavahetus on arhiveeritud.<\/p>\n<p>Supervisioon ei ole pelgalt kellegi hinnang Lahendaja t\u00f6\u00f6le, vaid protsess, mille k\u00e4igus Lahendaja ise \u00f5pib midagi. Superviisor on siin protsessi juhtija, lisainfoga varustaja, koost\u00f6\u00f6partner, aga mitte lihtsalt hindaja. <b>Anal\u00fc\u00fcs tuleb superviisorile saata meilile hiljemalt 48 tundi enne kokku lepitud Skype sessiooni<\/b>, et tal oleks piisavalt aega selle ja asjakohaste juhtumitega tutvuda.<\/p>\n<p><b>Et supervisiooni aega kokku leppida, v\u00f5ta esimesel v\u00f5imalusel superviisor Tuuliga ise \u00fchendust:<\/b> <a href=\"mailto:tuulsalu@gmail.com\">tuulsalu@gmail.com<\/a>.<\/p>\n<p>Muude individuaalseid supervisioone puudutavate k\u00fcsimuste osas p\u00f6\u00f6rdu julgelt superviisor Tuuli v\u00f5i kliendit\u00f6\u00f6 koordinaatori poole.<\/p>\n<h3><span style=\"font-weight: 400;\">Erakorraline individuaalne supervisioon<\/span><\/h3>\n<p><span style=\"font-weight: 400;\">Erakorralisse supervisiooni tuleb p\u00f6\u00f6rduda <strong>raskete kiireloomuliste juhtumitega, <\/strong>n\u00e4iteks suure suitsiidirisiki korral. Sellisel juhul tuleb saata Tuulile s\u00f5num vastava sooviga ja ta v\u00f5tab \u00fchendust, et leppida kokku esimene v\u00f5imalik aeg.<\/span><\/p>\n","protected":false},"excerpt":{"rendered":"<p>Lahendus.net pakub superviseeritud n\u00f5ustamisteenust. Lahendus.neti kodulehel on kirjas: \u201cMeie vabatahtlike t\u00f6\u00f6 kvaliteeti tagab j\u00e4rjepidev juhendamine kutsetunnistusega spetsialistide poolt\u201d. Lahendus.netiga liitumine on vabatahtlik, aga liitumine toob endaga kaasa kohustused, millest \u00fcheks on supervisioonid. Supervisioonides k\u00e4imine on kohustuslik. Supervisioon on oluline selleks, et tagada n\u00f5ustamise kvaliteet. Seda l\u00e4bi juhtumite ja kogemuste jagamise, nende \u00fcle arutamise ning nendest&#8230;<\/p>\n<div class=\" [&hellip;]\"><a href=\"https:\/\/lahendus.net\/en\/lahendaja-meelespea\/lahendajat-puudutav\/supervisioonid\/\">Read more<\/a><\/div>\n","protected":false},"author":24,"featured_media":0,"parent":1221,"menu_order":4,"comment_status":"closed","ping_status":"closed","template":"","meta":{"_acf_changed":false,"footnotes":""},"class_list":["post-1072","page","type-page","status-publish","hentry"],"acf":[],"_links":{"self":[{"href":"https:\/\/lahendus.net\/en\/wp-json\/wp\/v2\/pages\/1072","targetHints":{"allow":["GET"]}}],"collection":[{"href":"https:\/\/lahendus.net\/en\/wp-json\/wp\/v2\/pages"}],"about":[{"href":"https:\/\/lahendus.net\/en\/wp-json\/wp\/v2\/types\/page"}],"author":[{"embeddable":true,"href":"https:\/\/lahendus.net\/en\/wp-json\/wp\/v2\/users\/24"}],"replies":[{"embeddable":true,"href":"https:\/\/lahendus.net\/en\/wp-json\/wp\/v2\/comments?post=1072"}],"version-history":[{"count":11,"href":"https:\/\/lahendus.net\/en\/wp-json\/wp\/v2\/pages\/1072\/revisions"}],"predecessor-version":[{"id":2202,"href":"https:\/\/lahendus.net\/en\/wp-json\/wp\/v2\/pages\/1072\/revisions\/2202"}],"up":[{"embeddable":true,"href":"https:\/\/lahendus.net\/en\/wp-json\/wp\/v2\/pages\/1221"}],"wp:attachment":[{"href":"https:\/\/lahendus.net\/en\/wp-json\/wp\/v2\/media?parent=1072"}],"curies":[{"name":"wp","href":"https:\/\/api.w.org\/{rel}","templated":true}]}}