{"id":1018,"date":"2019-08-22T10:36:39","date_gmt":"2019-08-22T10:36:39","guid":{"rendered":"https:\/\/lahendus.net\/?page_id=1018"},"modified":"2023-01-31T13:05:51","modified_gmt":"2023-01-31T11:05:51","slug":"eetikakoodeks","status":"publish","type":"page","link":"https:\/\/lahendus.net\/en\/lahendaja-meelespea\/lahendajat-puudutav\/eetikakoodeks\/","title":{"rendered":"Eetikakoodeks"},"content":{"rendered":"<p><span style=\"font-weight: 400;\">P\u00d5HIM\u00d5TTED<\/span><\/p>\n<ol>\n<li style=\"font-weight: 400;\"><span style=\"font-weight: 400;\">Lahendaja l\u00e4htub austusest inimese ja inimese elu vastu. Hoiab kirjutaja privaatsust, anon\u00fc\u00fcmsust ja peab kinni konfidentsiaalsusn\u00f5udest.\u00a0<\/span><\/li>\n<li style=\"font-weight: 400;\"><span style=\"font-weight: 400;\">Lahendaja aitab inimesel arendada enesem\u00f5istmise ja ise otsustamise v\u00f5imet tuginedes teaduslikele teadmistele ja kinnitust leidnud kogemustele.<\/span><\/li>\n<li style=\"font-weight: 400;\"><span style=\"font-weight: 400;\">Lahendaja p\u00fc\u00fcab endale teadvustada nii oma erialaseid kui ka isiksuse tugevaid ja n\u00f5rku k\u00fclgi, et realistlikult hinnata, milliseid \u00fclesandeid v\u00f5ib endale v\u00f5tta.<\/span><\/li>\n<li style=\"font-weight: 400;\"><span style=\"font-weight: 400;\">Lahendaja selgitab vajadusel kirjutajatele ps\u00fchholoogide eetilisi p\u00f5him\u00f5tteid.<\/span><\/li>\n<li style=\"font-weight: 400;\"><span style=\"font-weight: 400;\">Lahendaja vastutab oma s\u00f5nade ja tegude v\u00f5i tegemata j\u00e4tmiste eest. Tudengiks olemine ei v\u00f5ta lahendajalt \u00e4ra vastutust oma s\u00f5nade ja tegude eest. Samuti ei muuda vastutuse m\u00e4\u00e4ra see, et vestlus toimub internetis kirjade vahetamise kaudu. Inimesed, kellega lahendaja tegeleb, on reaalsed isikud. Neile vastamata j\u00e4tmine t\u00e4hendab sama, mis n\u00e4ost-n\u00e4kku n\u00f5ustamise puhul oma klientide hooletusse j\u00e4tmine.<\/span><\/li>\n<\/ol>\n<p><span style=\"font-weight: 400;\">\u00a0\u00a0KOHUSTUSED KIRJUTAJATE EES<\/span><\/p>\n<ol>\n<li style=\"font-weight: 400;\"><span style=\"font-weight: 400;\">Lahendaja seletab kirjutajale ehk kliendile oma tegevuse lahti nii, et tal oleks v\u00f5imalik otsustada, kas j\u00e4tkata kirjutamist v\u00f5i ei.<\/span><\/li>\n<li style=\"font-weight: 400;\"><span style=\"font-weight: 400;\">Lahendaja ei kohusta kedagi avaldama enda kohta infot, mis pole abistamise protsessiks h\u00e4davajalik.<\/span><\/li>\n<li style=\"font-weight: 400;\"><span style=\"font-weight: 400;\">Lahendaja ei avalda kliendile oma tegevuse v\u00f5i teadmistega survet.<\/span><\/li>\n<li style=\"font-weight: 400;\"><span style=\"font-weight: 400;\">Lahendaja ei sunni klienti muutma oma t\u00f5ekspidamisi v\u00f5i tegutsema mingil kindlal viisil.\u00a0<\/span><\/li>\n<li style=\"font-weight: 400;\"><span style=\"font-weight: 400;\">Lahendaja ei n\u00f5usta inimesi, keda ta tunneb ja ei loo isiklikke suhteid nendega, keda ta n\u00f5ustab.<\/span><\/li>\n<li style=\"font-weight: 400;\"><span style=\"font-weight: 400;\">Kui klienti saaks paremini aidata m\u00f5ni teine spetsialist, siis lahendaja \u00fctleb talle seda ja annab vajalikud kontaktid.<\/span><\/li>\n<li style=\"font-weight: 400;\"><span style=\"font-weight: 400;\">Kliendi kohta teada saadud info peab lahendaja saladuses. Juhtumi arutamisel meeskonna v\u00f5i teiste spetsialistidega varjab andmeid, mis v\u00f5imaldaksid kliendi isiku \u00e4ratundmise.<\/span><\/li>\n<li style=\"font-weight: 400;\"><span style=\"font-weight: 400;\">Lahendaja ei hoia saladust, kui selle hoidmine kahjustab kliendi v\u00f5i kellegi teise elu v\u00f5i tervist. Infot edastab ainult neile, kes saavad antud olukorras ohusolijat aidata.<\/span><\/li>\n<li style=\"font-weight: 400;\"><span style=\"font-weight: 400;\">Oma t\u00f6\u00f6d dokumenteerides paneb lahendaja kirja ainult h\u00e4davajaliku info ja hoiab selle isikuandmetest lahus.<\/span><\/li>\n<li style=\"font-weight: 400;\"><span style=\"font-weight: 400;\">Juhtumite \u00fclest\u00e4hendusi hoiab lahendaja nii, et meeskonnav\u00e4lised isikud ei saaks neid k\u00e4tte ei praegu ega ka tulevikus. See t\u00e4hendab, et kirju ei tohi kopeerida ega salvestada Lahendus.net veebikeskkonnast v\u00e4ljaspoole j\u00e4\u00e4vatesse meediumitesse (nt Wordi dokumendina, meili sisuna vmt).<br \/>\n<\/span><\/li>\n<li style=\"font-weight: 400;\"><span style=\"font-weight: 400;\">Lahendajal on kohustus osaleda grupisupervisioonis v\u00e4hemalt korra kahe kuu jooksul.<\/span><\/li>\n<\/ol>\n","protected":false},"excerpt":{"rendered":"<p>P\u00d5HIM\u00d5TTED Lahendaja l\u00e4htub austusest inimese ja inimese elu vastu. Hoiab kirjutaja privaatsust, anon\u00fc\u00fcmsust ja peab kinni konfidentsiaalsusn\u00f5udest.\u00a0 Lahendaja aitab inimesel arendada enesem\u00f5istmise ja ise otsustamise v\u00f5imet tuginedes teaduslikele teadmistele ja kinnitust leidnud kogemustele. Lahendaja p\u00fc\u00fcab endale teadvustada nii oma erialaseid kui ka isiksuse tugevaid ja n\u00f5rku k\u00fclgi, et realistlikult hinnata, milliseid \u00fclesandeid v\u00f5ib endale v\u00f5tta&#8230;.<\/p>\n<div class=\" [&hellip;]\"><a href=\"https:\/\/lahendus.net\/en\/lahendaja-meelespea\/lahendajat-puudutav\/eetikakoodeks\/\">Read more<\/a><\/div>\n","protected":false},"author":24,"featured_media":0,"parent":1221,"menu_order":2,"comment_status":"closed","ping_status":"closed","template":"","meta":{"_acf_changed":false,"footnotes":""},"class_list":["post-1018","page","type-page","status-publish","hentry"],"acf":[],"_links":{"self":[{"href":"https:\/\/lahendus.net\/en\/wp-json\/wp\/v2\/pages\/1018","targetHints":{"allow":["GET"]}}],"collection":[{"href":"https:\/\/lahendus.net\/en\/wp-json\/wp\/v2\/pages"}],"about":[{"href":"https:\/\/lahendus.net\/en\/wp-json\/wp\/v2\/types\/page"}],"author":[{"embeddable":true,"href":"https:\/\/lahendus.net\/en\/wp-json\/wp\/v2\/users\/24"}],"replies":[{"embeddable":true,"href":"https:\/\/lahendus.net\/en\/wp-json\/wp\/v2\/comments?post=1018"}],"version-history":[{"count":7,"href":"https:\/\/lahendus.net\/en\/wp-json\/wp\/v2\/pages\/1018\/revisions"}],"predecessor-version":[{"id":2171,"href":"https:\/\/lahendus.net\/en\/wp-json\/wp\/v2\/pages\/1018\/revisions\/2171"}],"up":[{"embeddable":true,"href":"https:\/\/lahendus.net\/en\/wp-json\/wp\/v2\/pages\/1221"}],"wp:attachment":[{"href":"https:\/\/lahendus.net\/en\/wp-json\/wp\/v2\/media?parent=1018"}],"curies":[{"name":"wp","href":"https:\/\/api.w.org\/{rel}","templated":true}]}}